{"id":314,"date":"2025-05-12T12:18:51","date_gmt":"2025-05-12T12:18:51","guid":{"rendered":"https:\/\/www1.netzwerk.grimmen.de\/?page_id=314"},"modified":"2025-06-05T12:06:42","modified_gmt":"2025-06-05T12:06:42","slug":"sporttag","status":"publish","type":"page","link":"https:\/\/www1.netzwerk.grimmen.de\/?page_id=314","title":{"rendered":"Familiensporttag"},"content":{"rendered":"\n<p><\/p>\n\n\n\n<p><em><mark style=\"background-color:rgba(0, 0, 0, 0)\" class=\"has-inline-color has-foreground-color\">Dieser Tag dient dazu, dass Familienmitglieder gegen- oder auch miteinander in den sportlichen Wettkampf gehen.<\/mark><\/em><\/p>\n\n\n\n<p><mark style=\"background-color:rgba(0, 0, 0, 0)\" class=\"has-inline-color has-foreground-color\">Mit diesem Tag m\u00f6chten wir erreichen, dass Familien gemeinsam sportlich zusammen und miteinander etwas bewegen. <\/mark><\/p>\n\n\n\n<p><mark style=\"background-color:rgba(0, 0, 0, 0)\" class=\"has-inline-color has-foreground-color\">Dabei spielt das Alter keine Rolle, vom Kleinkind bis zum Rentner sind alle herzlich willkommen. Viele Akteure des B\u00fcndnisses gestalten diesen Tag mit viel Abwechslung und ehrenamtlichem Engagement.<\/mark><\/p>\n\n\n\n<p><mark style=\"background-color:rgba(0, 0, 0, 0)\" class=\"has-inline-color has-foreground-color\">Zu Beginn erh\u00e4lt jeder Teilnehmer eine Stempel-Sammel-Karte, auf dem die absolvierten Bereiche abgestempelt werden. <\/mark><\/p>\n\n\n\n<p><mark style=\"background-color:rgba(0, 0, 0, 0)\" class=\"has-inline-color has-foreground-color\">Er\u00f6ffnet wird das Ganze mit Musik und einer Aufw\u00e4rmrunde, damit alle fit und locker an den einzelnen Stationen ihre Sportlichkeit unter Beweis stellen k\u00f6nnen.<\/mark> <mark style=\"background-color:rgba(0, 0, 0, 0)\" class=\"has-inline-color has-foreground-color\">Ob Hindernisparcours, Schubkarrenrennen, Stiefelweitwurf, Quiz zu unterschiedlichen Themen, sowie viele andere tolle Mit-Mach-Aktionen, alle habe ganz viel Spa\u00df dabei. Es wird gerannt, geklettert, gehobst und geschoben aber auch viel gelacht. Im Ziel erh\u00e4lt dann jeder auf seinem K\u00e4rtchen einen Stempel. Wenn alle Stationen absolviert und die K\u00e4rtchen mit den Stempeln dazu voll sind, bekommt derjenige am Schluss ein kleines Geschenk, welches sich ausgesucht werden kann, als Preis. Weil bekanntlich jede Aktivit\u00e4t auch hungrig und durstig macht, haben wir immer einen kleinen Imbiss als St\u00e4rkung bereitgestellt.<\/mark><\/p>\n\n\n\n<p><\/p>\n\n\n\n<p><\/p>\n\n\n\n<h2 class=\"wp-block-heading has-text-align-center\">Bilder:<\/h2>\n\n\n<div id=\"metaslider-id-306\" style=\"max-width: 1200px;\" class=\"ml-slider-3-106-0 metaslider metaslider-flex metaslider-306 ml-slider has-dots-nav ms-theme-cubic\" role=\"region\" aria-label=\"New Slideshow\" data-height=\"600\" data-width=\"1200\">\n    <div id=\"metaslider_container_306\">\n        <div id=\"metaslider_306\">\n            <ul class='slides'>\n                <li style=\"display: block; width: 100%;\" class=\"slide-307 ms-image \" aria-roledescription=\"slide\" data-date=\"2025-05-12 12:03:25\" data-filename=\"IMG-20250314-WA0022-scaled-1200x600.jpg\" data-slide-type=\"image\"><img loading=\"lazy\" decoding=\"async\" src=\"https:\/\/www1.netzwerk.grimmen.de\/wp-content\/uploads\/2025\/03\/IMG-20250314-WA0022-scaled-1200x600.jpg\" height=\"600\" width=\"1200\" alt=\"\" class=\"slider-306 slide-307 msDefaultImage\" title=\"IMG-20250314-WA0022\" \/><\/li>\n                <li style=\"display: none; width: 100%;\" class=\"slide-308 ms-image \" aria-roledescription=\"slide\" data-date=\"2025-05-12 12:03:25\" data-filename=\"IMG-20250314-WA0013-scaled-1200x600.jpg\" data-slide-type=\"image\"><img loading=\"lazy\" decoding=\"async\" src=\"https:\/\/www1.netzwerk.grimmen.de\/wp-content\/uploads\/2025\/03\/IMG-20250314-WA0013-scaled-1200x600.jpg\" height=\"600\" width=\"1200\" alt=\"\" class=\"slider-306 slide-308 msDefaultImage\" title=\"IMG-20250314-WA0013\" \/><\/li>\n                <li style=\"display: none; width: 100%;\" class=\"slide-309 ms-image \" aria-roledescription=\"slide\" data-date=\"2025-05-12 12:03:25\" data-filename=\"familiensporttag_2023_2023-09-02_10-19-51-1200x600.jpg\" data-slide-type=\"image\"><img loading=\"lazy\" decoding=\"async\" src=\"https:\/\/www1.netzwerk.grimmen.de\/wp-content\/uploads\/2024\/11\/familiensporttag_2023_2023-09-02_10-19-51-1200x600.jpg\" height=\"600\" width=\"1200\" alt=\"\" class=\"slider-306 slide-309 msDefaultImage\" title=\"familiensporttag_2023_2023-09-02_10-19-51\" \/><\/li>\n                <li style=\"display: none; width: 100%;\" class=\"slide-310 ms-image \" aria-roledescription=\"slide\" data-date=\"2025-05-12 12:03:25\" data-filename=\"familiensporttag_2023_2023-09-13_14-01-54-1200x600.jpg\" data-slide-type=\"image\"><img loading=\"lazy\" decoding=\"async\" src=\"https:\/\/www1.netzwerk.grimmen.de\/wp-content\/uploads\/2024\/11\/familiensporttag_2023_2023-09-13_14-01-54-1200x600.jpg\" height=\"600\" width=\"1200\" alt=\"\" class=\"slider-306 slide-310 msDefaultImage\" title=\"familiensporttag_2023_2023-09-13_14-01-54\" \/><\/li>\n            <\/ul>\n        <\/div>\n        \n    <\/div>\n<\/div>\n\n\n\n<p><\/p>\n\n\n\n<p><\/p>\n","protected":false},"excerpt":{"rendered":"<p>Dieser Tag dient dazu, dass Familienmitglieder gegen- oder auch miteinander in den sportlichen Wettkampf gehen. Mit diesem Tag m\u00f6chten wir erreichen, dass Familien gemeinsam sportlich zusammen und miteinander etwas bewegen. Dabei spielt das Alter keine Rolle, vom Kleinkind bis zum Rentner sind alle herzlich willkommen. Viele Akteure des B\u00fcndnisses gestalten diesen Tag mit viel Abwechslung [&hellip;]<\/p>\n","protected":false},"author":3,"featured_media":0,"parent":218,"menu_order":0,"comment_status":"closed","ping_status":"closed","template":"","meta":{"footnotes":""},"class_list":["post-314","page","type-page","status-publish","hentry"],"_links":{"self":[{"href":"https:\/\/www1.netzwerk.grimmen.de\/index.php?rest_route=\/wp\/v2\/pages\/314","targetHints":{"allow":["GET"]}}],"collection":[{"href":"https:\/\/www1.netzwerk.grimmen.de\/index.php?rest_route=\/wp\/v2\/pages"}],"about":[{"href":"https:\/\/www1.netzwerk.grimmen.de\/index.php?rest_route=\/wp\/v2\/types\/page"}],"author":[{"embeddable":true,"href":"https:\/\/www1.netzwerk.grimmen.de\/index.php?rest_route=\/wp\/v2\/users\/3"}],"replies":[{"embeddable":true,"href":"https:\/\/www1.netzwerk.grimmen.de\/index.php?rest_route=%2Fwp%2Fv2%2Fcomments&post=314"}],"version-history":[{"count":5,"href":"https:\/\/www1.netzwerk.grimmen.de\/index.php?rest_route=\/wp\/v2\/pages\/314\/revisions"}],"predecessor-version":[{"id":429,"href":"https:\/\/www1.netzwerk.grimmen.de\/index.php?rest_route=\/wp\/v2\/pages\/314\/revisions\/429"}],"up":[{"embeddable":true,"href":"https:\/\/www1.netzwerk.grimmen.de\/index.php?rest_route=\/wp\/v2\/pages\/218"}],"wp:attachment":[{"href":"https:\/\/www1.netzwerk.grimmen.de\/index.php?rest_route=%2Fwp%2Fv2%2Fmedia&parent=314"}],"curies":[{"name":"wp","href":"https:\/\/api.w.org\/{rel}","templated":true}]}}